{"id":246,"date":"2017-04-15T14:00:29","date_gmt":"2017-04-15T12:00:29","guid":{"rendered":"http:\/\/tonatheme.com\/newwp\/penza\/?page_id=246"},"modified":"2023-09-07T00:46:39","modified_gmt":"2023-09-06T22:46:39","slug":"kontakt","status":"publish","type":"page","link":"https:\/\/www.lanner-finanz.at\/web\/kontakt\/","title":{"rendered":"Kontakt"},"content":{"rendered":"<div class=\"et_d4_element et_pb_section et_pb_section_0 et_pb_with_background  et_pb_css_mix_blend_mode et_section_regular et_block_section\" >\n\t\t\t\t\n\t\t\t\t\n\t\t\t\t\n\t\t\t\t\n\t\t\t\t\n\t\t\t\t\n\t\t\t\t<div class=\"et_d4_element et_pb_row et_pb_row_0  et_pb_css_mix_blend_mode et_block_row\">\n\t\t\t\t<div class=\"et_d4_element et_pb_column_1_2 et_pb_column et_pb_column_0  et_pb_css_mix_blend_mode et_block_column et_pb_column_empty\">\n\t\t\t\t\n\t\t\t\t\n\t\t\t\t\n\t\t\t\t\n\t\t\t\t\n\t\t\t<\/div><div class=\"et_d4_element et_pb_column_1_2 et_pb_column et_pb_column_1  et_pb_css_mix_blend_mode et-last-child et_block_column\">\n\t\t\t\t\n\t\t\t\t\n\t\t\t\t\n\t\t\t\t\n\t\t\t\t<div class=\"et_pb_module et_d4_element et_pb_text et_pb_text_0  et_pb_text_align_left et_pb_bg_layout_dark\">\n\t\t\t\t\n\t\t\t\t\n\t\t\t\t\n\t\t\t\t\n\t\t\t\t<div class=\"et_pb_text_inner\"><h1>Kontakt<\/h1><\/div>\n\t\t\t<\/div>\n\t\t\t<\/div>\n\t\t\t\t\n\t\t\t\t\n\t\t\t\t\n\t\t\t\t\n\t\t\t<\/div><div class=\"et_d4_element et_pb_row et_pb_row_1  et_pb_css_mix_blend_mode et_block_row\">\n\t\t\t\t<div class=\"et_d4_element et_pb_column_1_2 et_pb_column et_pb_column_2  et_pb_css_mix_blend_mode et_block_column\">\n\t\t\t\t\n\t\t\t\t\n\t\t\t\t\n\t\t\t\t\n\t\t\t\t<div class=\"et_pb_module et_d4_element et_pb_image et_pb_image_0\">\n\t\t\t\t\n\t\t\t\t\n\t\t\t\t\n\t\t\t\t\n\t\t\t\t<span class=\"et_pb_image_wrap \"><img loading=\"lazy\" decoding=\"async\" width=\"600\" height=\"692\" src=\"https:\/\/www.lanner-finanz.at\/web\/wp-content\/uploads\/2023\/09\/ernst-lanner.png\" alt=\"\" title=\"ernst-lanner\" srcset=\"https:\/\/www.lanner-finanz.at\/web\/wp-content\/uploads\/2023\/09\/ernst-lanner.png 600w, https:\/\/www.lanner-finanz.at\/web\/wp-content\/uploads\/2023\/09\/ernst-lanner-480x554.png 480w\" sizes=\"(min-width: 0px) and (max-width: 480px) 480px, (min-width: 481px) 600px, 100vw\" class=\"wp-image-1078\" \/><\/span>\n\t\t\t<\/div><div class=\"et_pb_button_module_wrapper et_pb_button_0_wrapper et_pb_button_alignment_right et_pb_module \">\n\t\t\t\t<a class=\"et_pb_button et_d4_element et_pb_button_0 et_pb_bg_layout_dark et_block_module\" href=\"tel:+436643250216\">Ruf gerne ganz unverbindlich an!<\/a>\n\t\t\t<\/div>\n\t\t\t<\/div><div class=\"et_d4_element et_pb_column_1_2 et_pb_column et_pb_column_3  et_pb_css_mix_blend_mode et-last-child et_block_column\">\n\t\t\t\t\n\t\t\t\t\n\t\t\t\t\n\t\t\t\t\n\t\t\t\t<div class=\"et_pb_module et_d4_element et_pb_text et_pb_text_1  et_pb_text_align_left et_pb_bg_layout_light\">\n\t\t\t\t\n\t\t\t\t\n\t\t\t\t\n\t\t\t\t\n\t\t\t\t<div class=\"et_pb_text_inner\"><p><span>Aufkl\u00e4rung und Beratung sind die wichtigsten Leistungen, die Sie von mir erwarten d\u00fcrfen. Gerne stelle ich mich f\u00fcr ein pers\u00f6nliches Beratungsgespr\u00e4ch zur Verf\u00fcgung.<\/span><\/p><\/div>\n\t\t\t<\/div><div class=\"et_pb_module et_d4_element et_pb_blurb et_pb_blurb_0  et_pb_text_align_left  et_pb_blurb_position_left et_block_module et_pb_bg_layout_light\">\n\t\t\t\t\n\t\t\t\t\n\t\t\t\t\n\t\t\t\t\n\t\t\t\t<div class=\"et_pb_blurb_content\">\n\t\t\t\t\t<div class=\"et_pb_main_blurb_image et_pb_css_mix_blend_mode\"><span class=\"et_pb_image_wrap\"><span class=\"et-waypoint et_pb_animation_off et_pb_animation_off_tablet et_pb_animation_off_phone et-pb-icon\">\ue080<\/span><\/span><\/div>\n\t\t\t\t\t<div class=\"et_pb_blurb_container\">\n\t\t\t\t\t\t<h4 class=\"et_pb_module_header\"><span>Adresse<\/span><\/h4>\n\t\t\t\t\t\t<div class=\"et_pb_blurb_description\"><p>Josef-Struber-Stra\u00dfe 9<\/p>\n<p>5450 Werfen<\/p><\/div>\n\t\t\t\t\t<\/div>\n\t\t\t\t<\/div>\n\t\t\t<\/div><div class=\"et_pb_module et_d4_element et_pb_blurb et_pb_blurb_1  et_pb_text_align_left  et_pb_blurb_position_left et_block_module et_pb_bg_layout_light\">\n\t\t\t\t\n\t\t\t\t\n\t\t\t\t\n\t\t\t\t\n\t\t\t\t<div class=\"et_pb_blurb_content\">\n\t\t\t\t\t<div class=\"et_pb_main_blurb_image et_pb_css_mix_blend_mode\"><span class=\"et_pb_image_wrap\"><span class=\"et-waypoint et_pb_animation_off et_pb_animation_off_tablet et_pb_animation_off_phone et-pb-icon\">\ue090<\/span><\/span><\/div>\n\t\t\t\t\t<div class=\"et_pb_blurb_container\">\n\t\t\t\t\t\t<h4 class=\"et_pb_module_header\"><span>Telefon<\/span><\/h4>\n\t\t\t\t\t\t<div class=\"et_pb_blurb_description\"><p><a href=\"tel:+436643250216\"><span>+43 664 32 50 216<\/span><\/a><\/p><\/div>\n\t\t\t\t\t<\/div>\n\t\t\t\t<\/div>\n\t\t\t<\/div><div class=\"et_pb_module et_d4_element et_pb_blurb et_pb_blurb_2  et_pb_text_align_left  et_pb_blurb_position_left et_block_module et_pb_bg_layout_light\">\n\t\t\t\t\n\t\t\t\t\n\t\t\t\t\n\t\t\t\t\n\t\t\t\t<div class=\"et_pb_blurb_content\">\n\t\t\t\t\t<div class=\"et_pb_main_blurb_image et_pb_css_mix_blend_mode\"><span class=\"et_pb_image_wrap\"><span class=\"et-waypoint et_pb_animation_off et_pb_animation_off_tablet et_pb_animation_off_phone et-pb-icon\">\ue076<\/span><\/span><\/div>\n\t\t\t\t\t<div class=\"et_pb_blurb_container\">\n\t\t\t\t\t\t<h4 class=\"et_pb_module_header\"><span>Email<\/span><\/h4>\n\t\t\t\t\t\t<div class=\"et_pb_blurb_description\"><p><a href=\"mailto:ernst@lanner-finanz.at\">ernst@lanner-finanz.at<\/a><\/p><\/div>\n\t\t\t\t\t<\/div>\n\t\t\t\t<\/div>\n\t\t\t<\/div>\n\t\t\t<\/div>\n\t\t\t\t\n\t\t\t\t\n\t\t\t\t\n\t\t\t\t\n\t\t\t<\/div>\n\t\t\t\t\n\t\t\t\t\n\t\t\t<\/div>\n","protected":false},"excerpt":{"rendered":"","protected":false},"author":1,"featured_media":0,"parent":0,"menu_order":0,"comment_status":"closed","ping_status":"closed","template":"","meta":{"_et_pb_use_builder":"on","_et_pb_old_content":"","_et_gb_content_width":"","footnotes":""},"class_list":["post-246","page","type-page","status-publish","hentry"],"yoast_head":"<!-- This site is optimized with the Yoast SEO plugin v27.5 - https:\/\/yoast.com\/product\/yoast-seo-wordpress\/ -->\n<title>ELV - Ernst Lanner Versicherungsagentur | Kontakt<\/title>\n<meta name=\"description\" content=\"Kontakt Ernst Lanner Versicherungsagentur: Noch heute einen Termin vereinbaren! Die Agentur aus Salzburg ist Spezialist f\u00fcr Finanzierungen jeglicher Art!\" \/>\n<meta name=\"robots\" content=\"index, follow, max-snippet:-1, max-image-preview:large, max-video-preview:-1\" \/>\n<link rel=\"canonical\" href=\"https:\/\/www.lanner-finanz.at\/web\/kontakt\/\" \/>\n<meta property=\"og:locale\" content=\"de_DE\" \/>\n<meta property=\"og:type\" content=\"article\" \/>\n<meta property=\"og:title\" content=\"ELV - Ernst Lanner Versicherungsagentur | Kontakt\" \/>\n<meta property=\"og:description\" content=\"Kontakt Ernst Lanner Versicherungsagentur: Noch heute einen Termin vereinbaren! Die Agentur aus Salzburg ist Spezialist f\u00fcr Finanzierungen jeglicher Art!\" \/>\n<meta property=\"og:url\" content=\"https:\/\/www.lanner-finanz.at\/web\/kontakt\/\" \/>\n<meta property=\"og:site_name\" content=\"Ernst Lanner Versicherungsagentur\" \/>\n<meta property=\"article:publisher\" content=\"https:\/\/www.facebook.com\/ErnstLannerVersicherungsagentur\/\" \/>\n<meta property=\"article:modified_time\" content=\"2023-09-06T22:46:39+00:00\" \/>\n<meta name=\"twitter:card\" content=\"summary_large_image\" \/>\n<meta name=\"twitter:label1\" content=\"Gesch\u00e4tzte Lesezeit\" \/>\n\t<meta name=\"twitter:data1\" content=\"6\u00a0Minuten\" \/>\n<script type=\"application\/ld+json\" class=\"yoast-schema-graph\">{\"@context\":\"https:\\\/\\\/schema.org\",\"@graph\":[{\"@type\":\"WebPage\",\"@id\":\"https:\\\/\\\/www.lanner-finanz.at\\\/web\\\/kontakt\\\/\",\"url\":\"https:\\\/\\\/www.lanner-finanz.at\\\/web\\\/kontakt\\\/\",\"name\":\"ELV - Ernst Lanner Versicherungsagentur | Kontakt\",\"isPartOf\":{\"@id\":\"https:\\\/\\\/www.lanner-finanz.at\\\/web\\\/#website\"},\"datePublished\":\"2017-04-15T12:00:29+00:00\",\"dateModified\":\"2023-09-06T22:46:39+00:00\",\"description\":\"Kontakt Ernst Lanner Versicherungsagentur: Noch heute einen Termin vereinbaren! Die Agentur aus Salzburg ist Spezialist f\u00fcr Finanzierungen jeglicher Art!\",\"breadcrumb\":{\"@id\":\"https:\\\/\\\/www.lanner-finanz.at\\\/web\\\/kontakt\\\/#breadcrumb\"},\"inLanguage\":\"de\",\"potentialAction\":[{\"@type\":\"ReadAction\",\"target\":[\"https:\\\/\\\/www.lanner-finanz.at\\\/web\\\/kontakt\\\/\"]}]},{\"@type\":\"BreadcrumbList\",\"@id\":\"https:\\\/\\\/www.lanner-finanz.at\\\/web\\\/kontakt\\\/#breadcrumb\",\"itemListElement\":[{\"@type\":\"ListItem\",\"position\":1,\"name\":\"Startseite\",\"item\":\"https:\\\/\\\/www.lanner-finanz.at\\\/web\\\/\"},{\"@type\":\"ListItem\",\"position\":2,\"name\":\"Kontakt\"}]},{\"@type\":\"WebSite\",\"@id\":\"https:\\\/\\\/www.lanner-finanz.at\\\/web\\\/#website\",\"url\":\"https:\\\/\\\/www.lanner-finanz.at\\\/web\\\/\",\"name\":\"Ernst Lanner Versicherungsagentur\",\"description\":\"Versichern, Finanzieren, Sparen und Vorsorgen!\",\"publisher\":{\"@id\":\"https:\\\/\\\/www.lanner-finanz.at\\\/web\\\/#organization\"},\"potentialAction\":[{\"@type\":\"SearchAction\",\"target\":{\"@type\":\"EntryPoint\",\"urlTemplate\":\"https:\\\/\\\/www.lanner-finanz.at\\\/web\\\/?s={search_term_string}\"},\"query-input\":{\"@type\":\"PropertyValueSpecification\",\"valueRequired\":true,\"valueName\":\"search_term_string\"}}],\"inLanguage\":\"de\"},{\"@type\":\"Organization\",\"@id\":\"https:\\\/\\\/www.lanner-finanz.at\\\/web\\\/#organization\",\"name\":\"Ernst Lanner Versicherungsagentur\",\"url\":\"https:\\\/\\\/www.lanner-finanz.at\\\/web\\\/\",\"logo\":{\"@type\":\"ImageObject\",\"inLanguage\":\"de\",\"@id\":\"https:\\\/\\\/www.lanner-finanz.at\\\/web\\\/#\\\/schema\\\/logo\\\/image\\\/\",\"url\":\"https:\\\/\\\/www.lanner-finanz.at\\\/web\\\/wp-content\\\/uploads\\\/2017\\\/11\\\/ELV_LOGO_RGB.png\",\"contentUrl\":\"https:\\\/\\\/www.lanner-finanz.at\\\/web\\\/wp-content\\\/uploads\\\/2017\\\/11\\\/ELV_LOGO_RGB.png\",\"width\":468,\"height\":80,\"caption\":\"Ernst Lanner Versicherungsagentur\"},\"image\":{\"@id\":\"https:\\\/\\\/www.lanner-finanz.at\\\/web\\\/#\\\/schema\\\/logo\\\/image\\\/\"},\"sameAs\":[\"https:\\\/\\\/www.facebook.com\\\/ErnstLannerVersicherungsagentur\\\/\"]}]}<\/script>\n<!-- \/ Yoast SEO plugin. -->","yoast_head_json":{"title":"ELV - Ernst Lanner Versicherungsagentur | Kontakt","description":"Kontakt Ernst Lanner Versicherungsagentur: Noch heute einen Termin vereinbaren! Die Agentur aus Salzburg ist Spezialist f\u00fcr Finanzierungen jeglicher Art!","robots":{"index":"index","follow":"follow","max-snippet":"max-snippet:-1","max-image-preview":"max-image-preview:large","max-video-preview":"max-video-preview:-1"},"canonical":"https:\/\/www.lanner-finanz.at\/web\/kontakt\/","og_locale":"de_DE","og_type":"article","og_title":"ELV - Ernst Lanner Versicherungsagentur | Kontakt","og_description":"Kontakt Ernst Lanner Versicherungsagentur: Noch heute einen Termin vereinbaren! Die Agentur aus Salzburg ist Spezialist f\u00fcr Finanzierungen jeglicher Art!","og_url":"https:\/\/www.lanner-finanz.at\/web\/kontakt\/","og_site_name":"Ernst Lanner Versicherungsagentur","article_publisher":"https:\/\/www.facebook.com\/ErnstLannerVersicherungsagentur\/","article_modified_time":"2023-09-06T22:46:39+00:00","twitter_card":"summary_large_image","twitter_misc":{"Gesch\u00e4tzte Lesezeit":"6\u00a0Minuten"},"schema":{"@context":"https:\/\/schema.org","@graph":[{"@type":"WebPage","@id":"https:\/\/www.lanner-finanz.at\/web\/kontakt\/","url":"https:\/\/www.lanner-finanz.at\/web\/kontakt\/","name":"ELV - Ernst Lanner Versicherungsagentur | Kontakt","isPartOf":{"@id":"https:\/\/www.lanner-finanz.at\/web\/#website"},"datePublished":"2017-04-15T12:00:29+00:00","dateModified":"2023-09-06T22:46:39+00:00","description":"Kontakt Ernst Lanner Versicherungsagentur: Noch heute einen Termin vereinbaren! Die Agentur aus Salzburg ist Spezialist f\u00fcr Finanzierungen jeglicher Art!","breadcrumb":{"@id":"https:\/\/www.lanner-finanz.at\/web\/kontakt\/#breadcrumb"},"inLanguage":"de","potentialAction":[{"@type":"ReadAction","target":["https:\/\/www.lanner-finanz.at\/web\/kontakt\/"]}]},{"@type":"BreadcrumbList","@id":"https:\/\/www.lanner-finanz.at\/web\/kontakt\/#breadcrumb","itemListElement":[{"@type":"ListItem","position":1,"name":"Startseite","item":"https:\/\/www.lanner-finanz.at\/web\/"},{"@type":"ListItem","position":2,"name":"Kontakt"}]},{"@type":"WebSite","@id":"https:\/\/www.lanner-finanz.at\/web\/#website","url":"https:\/\/www.lanner-finanz.at\/web\/","name":"Ernst Lanner Versicherungsagentur","description":"Versichern, Finanzieren, Sparen und Vorsorgen!","publisher":{"@id":"https:\/\/www.lanner-finanz.at\/web\/#organization"},"potentialAction":[{"@type":"SearchAction","target":{"@type":"EntryPoint","urlTemplate":"https:\/\/www.lanner-finanz.at\/web\/?s={search_term_string}"},"query-input":{"@type":"PropertyValueSpecification","valueRequired":true,"valueName":"search_term_string"}}],"inLanguage":"de"},{"@type":"Organization","@id":"https:\/\/www.lanner-finanz.at\/web\/#organization","name":"Ernst Lanner Versicherungsagentur","url":"https:\/\/www.lanner-finanz.at\/web\/","logo":{"@type":"ImageObject","inLanguage":"de","@id":"https:\/\/www.lanner-finanz.at\/web\/#\/schema\/logo\/image\/","url":"https:\/\/www.lanner-finanz.at\/web\/wp-content\/uploads\/2017\/11\/ELV_LOGO_RGB.png","contentUrl":"https:\/\/www.lanner-finanz.at\/web\/wp-content\/uploads\/2017\/11\/ELV_LOGO_RGB.png","width":468,"height":80,"caption":"Ernst Lanner Versicherungsagentur"},"image":{"@id":"https:\/\/www.lanner-finanz.at\/web\/#\/schema\/logo\/image\/"},"sameAs":["https:\/\/www.facebook.com\/ErnstLannerVersicherungsagentur\/"]}]}},"_links":{"self":[{"href":"https:\/\/www.lanner-finanz.at\/web\/wp-json\/wp\/v2\/pages\/246","targetHints":{"allow":["GET"]}}],"collection":[{"href":"https:\/\/www.lanner-finanz.at\/web\/wp-json\/wp\/v2\/pages"}],"about":[{"href":"https:\/\/www.lanner-finanz.at\/web\/wp-json\/wp\/v2\/types\/page"}],"author":[{"embeddable":true,"href":"https:\/\/www.lanner-finanz.at\/web\/wp-json\/wp\/v2\/users\/1"}],"replies":[{"embeddable":true,"href":"https:\/\/www.lanner-finanz.at\/web\/wp-json\/wp\/v2\/comments?post=246"}],"version-history":[{"count":105,"href":"https:\/\/www.lanner-finanz.at\/web\/wp-json\/wp\/v2\/pages\/246\/revisions"}],"predecessor-version":[{"id":1093,"href":"https:\/\/www.lanner-finanz.at\/web\/wp-json\/wp\/v2\/pages\/246\/revisions\/1093"}],"wp:attachment":[{"href":"https:\/\/www.lanner-finanz.at\/web\/wp-json\/wp\/v2\/media?parent=246"}],"curies":[{"name":"wp","href":"https:\/\/api.w.org\/{rel}","templated":true}]}}